{"id":10,"date":"2020-12-14T09:06:17","date_gmt":"2020-12-14T09:06:17","guid":{"rendered":"https:\/\/safajuswiss.com\/?page_id=10"},"modified":"2021-07-17T08:04:04","modified_gmt":"2021-07-17T08:04:04","slug":"safaju-real-estate-development-services","status":"publish","type":"page","link":"https:\/\/safajuswiss.com\/fr\/safaju-real-estate-development-services\/","title":{"rendered":"SAFAJU Services immobiliers et de d\u00e9veloppement"},"content":{"rendered":"<p>[vc_section][vc_row][vc_column width=\u00a0\u00bb7\/12&Prime;][vc_column_text]SAFAJU fournit des services de d\u00e9veloppement de projets \u00e0 grande \u00e9chelle aux clients et partenaires, en coordonnant le financement, la planification, la conception et la construction de projets immobiliers \u00e0 grande et \u00e0 petite \u00e9chelle. Nous nous concentrons sur les types de projets qui posent des d\u00e9fis uniques en raison de leur taille, de leur complexit\u00e9 et de leurs utilisations sp\u00e9cialis\u00e9es. Elle dispose d&rsquo;un large r\u00e9seau de partenaires qui compl\u00e8tent nos comp\u00e9tences dans tous les domaines li\u00e9s \u00e0 l&rsquo;immobilier. Nous avons s\u00e9lectionn\u00e9 et test\u00e9 chacun avec soin. Nous ne travaillons qu&rsquo;avec les meilleurs.<\/p>\n<hr \/>\n<p>SAFAJU\u00a0Services immobiliers\u00a0et de\u00a0d\u00e9veloppement est l&rsquo;une des soci\u00e9t\u00e9s de services de construction les plus anciennes et les plus importantes au monde, avec des bureaux \/ filiales dans de nombreux pays et un volume annuel \u00e9lev\u00e9. L&rsquo;\u00e9quipe de SAFAJU est pr\u00e9sente dans l&rsquo;industrie depuis plus de trente ans, avec ses filiales immobili\u00e8res, construction, architecture et ing\u00e9nierie ayant des sp\u00e9cialit\u00e9s dans pratiquement tous les secteurs de l&rsquo;immobilier b\u00e2ti.[\/vc_column_text][\/vc_column][vc_column width=\u00a0\u00bb5\/12&Prime;]<div class=\"info-box\">\r\n\t\t\t\t\t  <div class=\"info-box__inner\"><img class=\"img--bg\" src=\"https:\/\/safajuswiss.com\/wp-content\/uploads\/2020\/12\/project-banner1-1024x427.jpg\" alt=\"img\"\/>\r\n\t\t\t\t\t\t<div class=\"block-front\">\r\n\t\t\t\t\t\t  <div class=\"heading heading--primary wow fadeInUp\" data-wow-delay=\"0.3s\">\r\n\t\t\t\t\t\t\t<h2 class=\"heading__title\"><span>Qui sommes-nous?<\/span> <\/h2>\r\n\t\t\t\t\t\t  <\/div>\r\n\t\t\t\t\t\t  <p class=\" wow fadeInUp\" data-wow-delay=\"0.5s\">SAFAJU est une soci\u00e9t\u00e9 de propri\u00e9t\u00e9 exclusive suisse bas\u00e9e en Suisse, avec diverses op\u00e9rations dans diff\u00e9rents pays, et exploite des activit\u00e9s d'ing\u00e9nierie, de conception, de construction et de d\u00e9veloppement dans de nombreux pays par le biais de ses soci\u00e9t\u00e9s op\u00e9rationnelles et partenaires.<\/p>\r\n\t\t\t\t\t\t<\/div>\r\n\t\t\t\t\t  <\/div>\r\n\t\t\t\t\t<\/div>[\/vc_column][\/vc_row][\/vc_section][vc_section full_width=\u00a0\u00bbstretch_row\u00a0\u00bb el_class=\u00a0\u00bbecs_block parallax_image\u00a0\u00bb css=\u00a0\u00bb.vc_custom_1608027868789{padding-top: 80px !important;padding-bottom: 80px !important;background-image: url(https:\/\/safajuswiss.com\/wp-content\/uploads\/2020\/12\/project-banner.jpg?id=105) !important;background-position: center !important;background-repeat: no-repeat !important;background-size: cover !important;}\u00a0\u00bb][vc_row equal_height=\u00a0\u00bbyes\u00a0\u00bb content_placement=\u00a0\u00bbmiddle\u00a0\u00bb][vc_column][vc_column_text el_class=\u00a0\u00bbecs_block_content\u00a0\u00bb css=\u00a0\u00bb.vc_custom_1626495541557{margin-bottom: 0px !important;}\u00a0\u00bb]<\/p>\n<h2 class=\"center_line\">SERVICE D&rsquo;INGENIERIE ET DE CONSTRUCTION<\/h2>\n<p>SAFAJU fournit au client un soutien ad\u00e9quat de la phase de planification du projet jusqu&rsquo;\u00e0 la construction des installations et les \u00e9tapes d&rsquo;exploitation en tirant le meilleur parti d&rsquo;une technologie largement r\u00e9pandue dans les domaines de l&rsquo;ing\u00e9nierie des proc\u00e9d\u00e9s, de la manutention, des syst\u00e8mes d&rsquo;information, de l&rsquo;ing\u00e9nierie industrielle, du traitement de l&rsquo;eau. Au moment o\u00f9 les probl\u00e8mes auxquels nos clients sont confront\u00e9s deviennent de plus en plus complexes et difficiles, il est primordial de cr\u00e9er une nouvelle valeur gr\u00e2ce \u00e0 l&rsquo;int\u00e9gration d&rsquo;un large \u00e9ventail de technologies et d&rsquo;expertises.[\/vc_column_text][\/vc_column][\/vc_row][\/vc_section][vc_section full_width=\u00a0\u00bbstretch_row\u00a0\u00bb css=\u00a0\u00bb.vc_custom_1608027910994{padding-top: 80px !important;padding-bottom: 80px !important;background-color: #f5f5f5 !important;background-position: center !important;background-repeat: no-repeat !important;background-size: cover !important;}\u00a0\u00bb el_class=\u00a0\u00bbwhat_we_do_block_one\u00a0\u00bb][vc_row content_placement=\u00a0\u00bbmiddle\u00a0\u00bb][vc_column width=\u00a0\u00bb5\/12&Prime;][vc_single_image image=\u00a0\u00bb71&Prime; img_size=\u00a0\u00bbfull\u00a0\u00bb el_class=\u00a0\u00bbimg-responsive\u00a0\u00bb css=\u00a0\u00bb.vc_custom_1608028081890{margin-bottom: 0px !important;}\u00a0\u00bb][\/vc_column][vc_column width=\u00a0\u00bb7\/12&Prime;][vc_column_text el_class=\u00a0\u00bbecs_block_content\u00a0\u00bb css=\u00a0\u00bb.vc_custom_1626495348108{margin-bottom: 0px !important;}\u00a0\u00bb]<\/p>\n<h2>Que faisons-nous?<\/h2>\n<p>\u00c9tant dot\u00e9s de la riche exp\u00e9rience acquise par notre \u00e9quipe au cours des derni\u00e8res ann\u00e9es, notre pratique des projets d&rsquo;immobilisations et des infrastructures peut prendre en charge un grand nombre de projets immobiliers \u00e0 travers le monde. Notre \u00e9quipe de 30 consultants, experts et analystes poss\u00e8de une vaste exp\u00e9rience de travail dans l&rsquo;immobilier r\u00e9sidentiel, commercial et industriel. Nous servons une vari\u00e9t\u00e9 de clients, y compris des d\u00e9veloppeurs principaux, des sous-d\u00e9veloppeurs, des soci\u00e9t\u00e9s d&rsquo;ing\u00e9nierie et de construction, des soci\u00e9t\u00e9s de gestion immobili\u00e8re et des installations, des propri\u00e9taires immobiliers, des fonds et des gestionnaires d&rsquo;actifs. Gr\u00e2ce au travail fourni \u00e0 nos clients, nous avons d\u00e9velopp\u00e9 une compr\u00e9hension approfondie de la fa\u00e7on de cr\u00e9er des valeurs tout au long du cycle de vie d&rsquo;un projet immobilier. La perspective globale de SAFAJU et son engagement \u00e0 offrir un impact unique qui nous permettent de satisfaire nos clients sur les axes suivants:[\/vc_column_text][\/vc_column][\/vc_row][\/vc_section][vc_section full_width=\u00a0\u00bbstretch_row\u00a0\u00bb css=\u00a0\u00bb.vc_custom_1608032212100{padding-top: 0px !important;padding-bottom: 0px !important;}\u00a0\u00bb][vc_row full_width=\u00a0\u00bbstretch_row_content_no_spaces\u00a0\u00bb][vc_column]<div class=\"what_we_do_list\">\r\n\t\t\t\t\t\t<div class=\"left-overlay wow fadeInLeft\" style=\"background-color:#000000\"><\/div>\r\n\t\t\t\t\t\t<div class=\"container position-relative\">\r\n\t\t\t\t\t\t  <div class=\"blog-inner-overlay wow fadeInLeft\" style=\"background-color:#000000\"><\/div>\r\n\t\t\t\t\t\t  <div class=\"row blog-area\">\r\n\t\t\t\t\t\t\t<div class=\"col-12 col-lg-6 d-flex align-items-center text-justify\">\r\n\t\t\t\t\t\t\t  <div class=\"blog-detail  wow fadeInLeft\" >\r\n\t\t\t\t\t\t\t\t<h4 style=\"color:\">STRAT\u00c9GIE<\/h4>\r\n\t\t\t\t\t\t\t\t<p style=\"color:\">Nous aidons nos clients \u00e0 d\u00e9velopper une strat\u00e9gie qui aborde trois dimensions fondamentales : la concentration g\u00e9ographique, la concentration sur les classes d'actifs et le roulement le long de la cha\u00eene de valeur. Parall\u00e8lement, en identifiant les principales cat\u00e9gories et facteurs de risque, nous nous assurons que les clients comprennent et g\u00e8rent correctement les risques. Nous travaillons en \u00e9troite collaboration avec nos clients pour \u00e9valuer diverses questions strat\u00e9giques, y compris les opportunit\u00e9s de mise \u00e0 l'\u00e9chelle dans les villes, la composition du portefeuille entre les cat\u00e9gories d'actifs, les offres de produits, le financement et les niveaux d'endettement appropri\u00e9s, ainsi que les structures de propri\u00e9t\u00e9 et de d\u00e9veloppement. Pour assurer le succ\u00e8s \u00e0 long terme d\u2019une strat\u00e9gie, nous aidons nos clients \u00e0 d\u00e9velopper les capacit\u00e9s et les partenariats n\u00e9cessaires pour la maintenir.<\/p>\r\n\t\t\t\t\t\t\t  <\/div>\r\n\t\t\t\t\t\t\t<\/div>\r\n\t\t\t\t\t\t\t<div class=\"col-12 col-lg-6\">\r\n\t\t\t\t\t\t\t  <div class=\"blog-img wow fadeInRight\" > <img src=\"https:\/\/safajuswiss.com\/wp-content\/uploads\/2020\/12\/img-1.jpg\" alt=\"blog-img\"> <\/div>\r\n\t\t\t\t\t\t\t<\/div>\r\n\t\t\t\t\t\t  <\/div>\r\n\t\t\t\t\t\t<\/div>\r\n\t\t\t\t\t  <\/div>[\/vc_column][\/vc_row][\/vc_section][vc_section full_width=\u00a0\u00bbstretch_row\u00a0\u00bb css=\u00a0\u00bb.vc_custom_1608032212100{padding-top: 0px !important;padding-bottom: 0px !important;}\u00a0\u00bb][vc_row full_width=\u00a0\u00bbstretch_row_content_no_spaces\u00a0\u00bb][vc_column]<section class=\"what_we_do_list right\">\r\n\t\t\t\t\t<div class=\"right-overlay wow fadeInRight\"  style=\"background-color:#eeeeee\"><\/div>\r\n\t\t\t\t\t<div class=\"container position-relative\">\r\n\t\t\t\t\t  <div class=\"blog-inner-overlay wow fadeInRight\"  style=\"background-color:#eeeeee\"><\/div>\r\n\t\t\t\t\t  <div class=\"row blog-area\">\r\n\t\t\t\t\t\t<div class=\"col-12 col-lg-6\">\r\n\t\t\t\t\t\t  <div class=\"blog-img wow fadeInLeft\" > <img src=\"https:\/\/safajuswiss.com\/wp-content\/uploads\/2020\/12\/img-2.jpg\" alt=\"blog-img\"> <\/div>\r\n\t\t\t\t\t\t<\/div>\r\n\t\t\t\t\t\t<div class=\"col-12 col-lg-6 d-flex align-items-center text-justify\">\r\n\t\t\t\t\t\t  <div class=\"blog-detail  wow fadeInRight\" >\r\n\t\t\t\t\t\t\t<h4 style=\"color:\">L'EXCELLENCE OP\u00c9RATIONNELLE<\/h4>\r\n\t\t\t\t\t\t\t<p style=\"color:\">Nous aidons nos clients \u00e0 concevoir et \u00e0 mettre en \u0153uvre des mesures pour am\u00e9liorer les op\u00e9rations et cr\u00e9er de la valeur sur l'ensemble de leur portefeuille. Nous accompagnons nos clients sur les sujets suivants: optimisation de la conception et ing\u00e9nierie de la valeur, approvisionnement et contractualisation. Au cours d'un projet, nous travaillons en \u00e9troite collaboration avec des experts sp\u00e9cialis\u00e9s dans des sujets tels que la conception architecturale et l'ing\u00e9nierie m\u00e9canique, \u00e9lectrique et de plomberie.<\/p>\r\n\t\t\t\t\t\t  <\/div>\r\n\t\t\t\t\t\t<\/div>        \r\n\t\t\t\t\t  <\/div>\r\n\t\t\t\t\t<\/div>\r\n\t\t\t\t  <\/section>[\/vc_column][\/vc_row][\/vc_section][vc_section full_width=\u00a0\u00bbstretch_row\u00a0\u00bb css=\u00a0\u00bb.vc_custom_1608032212100{padding-top: 0px !important;padding-bottom: 0px !important;}\u00a0\u00bb][vc_row full_width=\u00a0\u00bbstretch_row_content_no_spaces\u00a0\u00bb][vc_column]<div class=\"what_we_do_list\">\r\n\t\t\t\t\t\t<div class=\"left-overlay wow fadeInLeft\" style=\"background-color:#0071bc\"><\/div>\r\n\t\t\t\t\t\t<div class=\"container position-relative\">\r\n\t\t\t\t\t\t  <div class=\"blog-inner-overlay wow fadeInLeft\" style=\"background-color:#0071bc\"><\/div>\r\n\t\t\t\t\t\t  <div class=\"row blog-area\">\r\n\t\t\t\t\t\t\t<div class=\"col-12 col-lg-6 d-flex align-items-center text-justify\">\r\n\t\t\t\t\t\t\t  <div class=\"blog-detail  wow fadeInLeft\" >\r\n\t\t\t\t\t\t\t\t<h4 style=\"color:\">LES PROCESSUS<\/h4>\r\n\t\t\t\t\t\t\t\t<p style=\"color:\">A travers notre service client exhaustif, nous sommes en mesure de d\u00e9velopper les meilleures pratiques pour les processus immobiliers de base, tels que la budg\u00e9tisation de projet, la conception et l'ing\u00e9nierie, la gestion de projet, les approbations de projets et la gestion des risques. Au cours d'un engagement, nous renfor\u00e7ons les capacit\u00e9s de nos clients dans ces processus, de sorte que longtemps apr\u00e8s notre d\u00e9part, nos clients continuent \u00e0 obtenir des r\u00e9sultats.<\/p>\r\n\t\t\t\t\t\t\t  <\/div>\r\n\t\t\t\t\t\t\t<\/div>\r\n\t\t\t\t\t\t\t<div class=\"col-12 col-lg-6\">\r\n\t\t\t\t\t\t\t  <div class=\"blog-img wow fadeInRight\" > <img src=\"https:\/\/safajuswiss.com\/wp-content\/uploads\/2020\/12\/img-3.jpg\" alt=\"blog-img\"> <\/div>\r\n\t\t\t\t\t\t\t<\/div>\r\n\t\t\t\t\t\t  <\/div>\r\n\t\t\t\t\t\t<\/div>\r\n\t\t\t\t\t  <\/div>[\/vc_column][\/vc_row][\/vc_section][vc_section full_width=\u00a0\u00bbstretch_row\u00a0\u00bb css=\u00a0\u00bb.vc_custom_1608032212100{padding-top: 0px !important;padding-bottom: 0px !important;}\u00a0\u00bb][vc_row full_width=\u00a0\u00bbstretch_row_content_no_spaces\u00a0\u00bb][vc_column]<section class=\"what_we_do_list right\">\r\n\t\t\t\t\t<div class=\"right-overlay wow fadeInRight\"  style=\"background-color:#eeeeee\"><\/div>\r\n\t\t\t\t\t<div class=\"container position-relative\">\r\n\t\t\t\t\t  <div class=\"blog-inner-overlay wow fadeInRight\"  style=\"background-color:#eeeeee\"><\/div>\r\n\t\t\t\t\t  <div class=\"row blog-area\">\r\n\t\t\t\t\t\t<div class=\"col-12 col-lg-6\">\r\n\t\t\t\t\t\t  <div class=\"blog-img wow fadeInLeft\" > <img src=\"https:\/\/safajuswiss.com\/wp-content\/uploads\/2020\/12\/img-4.jpg\" alt=\"blog-img\"> <\/div>\r\n\t\t\t\t\t\t<\/div>\r\n\t\t\t\t\t\t<div class=\"col-12 col-lg-6 d-flex align-items-center text-justify\">\r\n\t\t\t\t\t\t  <div class=\"blog-detail  wow fadeInRight\" >\r\n\t\t\t\t\t\t\t<h4 style=\"color:\">ORGANISATION<\/h4>\r\n\t\t\t\t\t\t\t<p style=\"color:\">Il peut \u00eatre difficile pour les organisations de suivre le rythme de l'\u00e9volution des conditions commerciales et du march\u00e9. Nous appliquons notre solide compr\u00e9hension des principales fonctions commerciales pour aider nos clients \u00e0 b\u00e2tir des structures organisationnelles simples et efficaces. Pour soutenir ces structures, nous accompagnons les clients dans la d\u00e9finition des droits de d\u00e9cision et des processus de gestion de la performance. Gr\u00e2ce \u00e0 une formation sur le d\u00e9veloppement du leadership, nous aidons les futurs dirigeants \u00e0 acqu\u00e9rir les comp\u00e9tences n\u00e9cessaires pour r\u00e9ussir.<\/p>\r\n\t\t\t\t\t\t  <\/div>\r\n\t\t\t\t\t\t<\/div>        \r\n\t\t\t\t\t  <\/div>\r\n\t\t\t\t\t<\/div>\r\n\t\t\t\t  <\/section>[\/vc_column][\/vc_row][\/vc_section][vc_section el_class=\u00a0\u00bbexample_of_works\u00a0\u00bb css=\u00a0\u00bb.vc_custom_1608032948783{padding-top: 80px !important;padding-bottom: 80px !important;}\u00a0\u00bb][vc_row][vc_column][vc_custom_heading text=\u00a0\u00bbEXEMPLES DE NOTRE MISSION\u00a0\u00bb use_theme_fonts=\u00a0\u00bbyes\u00a0\u00bb css_animation=\u00a0\u00bbfadeInUp\u00a0\u00bb][vc_column_text]<\/p>\n<ul class=\"wow fadeIn\">\n<li>Ventes et marketing. La gestion d&rsquo;actifs de certains acteurs de l&rsquo;immobilier qui peuvent se sentir moins confiants dans leurs capacit\u00e9s \u00e0 pr\u00e9dire la demande immobili\u00e8re et \u00e0 stimuler le marketing et les ventes d&rsquo;un projet. Nous adoptons une approche holistique pour aborder le potentiel de prix et la strat\u00e9gie de vente et de marketing d&rsquo;un projet. Nous travaillons en \u00e9troite collaboration avec notre cabinet de marketing et de vente, nous nous appuyons sur des r\u00e9f\u00e9rences et appliquons les meilleures pratiques dans des domaines tels que la mise en phase et les salons pour aider nos clients \u00e0 r\u00e9ussir.<\/li>\n<li>Nous fournissons des conseils \u00e0 un promoteur immobilier de premier plan sur la fa\u00e7on de surmonter le ralentissement \u00e9conomique. Apr\u00e8s avoir examin\u00e9 les donn\u00e9es financi\u00e8res et le portefeuille du client, nous aidons \u00e0 identifier et \u00e0 prioriser les options strat\u00e9giques, y compris les fusions et acquisitions. Nous aidons nos clients \u00e0 s\u00e9lectionner et \u00e9valuer les partenaires potentiels et une fois que le client en a s\u00e9lectionn\u00e9 un, nous soutenons la transaction et l&rsquo;int\u00e9gration du nouveau partenaire. Le client peut \u00e9viter les probl\u00e8mes financiers rencontr\u00e9s par d&rsquo;autres d\u00e9veloppeurs et reste un acteur important sur le march\u00e9. En outre, les investisseurs et les actionnaires pourraient tirer une valeur significative de la transaction.<\/li>\n<li>Nous aidons les grands propri\u00e9taires fonciers \u00e0 cr\u00e9er un d\u00e9veloppement immobilier pour superviser la planification g\u00e9n\u00e9rale et le d\u00e9veloppement d&rsquo;un grand nombre d&rsquo;acres. Nous aidons le client \u00e0 d\u00e9finir sa strat\u00e9gie, sa structure organisationnelle et ses processus commerciaux. Nous accompagnons \u00e9galement le client dans l&#8217;embauche du nouveau bureau, solidement implant\u00e9, et dans la gestion de cet important projet de d\u00e9veloppement.<\/li>\n<li>Nous assistons les soci\u00e9t\u00e9s immobili\u00e8res de premier plan qui poss\u00e8de et loue plusieurs centres commerciaux \u00e0 travers le monde. Le client fait face au m\u00e9contentement des locataires \u00e0 propos des co\u00fbts d&rsquo;installation associ\u00e9s aux espaces communs. Nous pouvons aider le client \u00e0 effectuer des analyses comparatives externes et internes pour d\u00e9terminer l&rsquo;impact de la conception du b\u00e2timent et de la performance op\u00e9rationnelle sur les co\u00fbts. Apr\u00e8s avoir identifi\u00e9 trois leviers de r\u00e9duction des co\u00fbts qui ne compromettraient pas la qualit\u00e9, le client peut r\u00e9aliser d&rsquo;\u00e9normes \u00e9conomies annuelles.<\/li>\n<li>Nous sommes en mesure d\u2019effectuer un r\u00e9gime de retraite avec plusieurs millions de portefeuille immobilier dans le cadre d&rsquo;une revue de strat\u00e9gie holistique. Nous aidons notre client dans le processus de conception et de mise en \u0153uvre d&rsquo;une nouvelle strat\u00e9gie de gestion d&rsquo;actifs interne, qui se traduirait par d&rsquo;importantes \u00e9conomies de frais et de meilleurs rendements ajust\u00e9s au risque.<\/li>\n<\/ul>\n<p>[\/vc_column_text][\/vc_column][\/vc_row][\/vc_section][vc_section full_width=\u00a0\u00bbstretch_row\u00a0\u00bb el_class=\u00a0\u00bbfeatured_capabilities\u00a0\u00bb css=\u00a0\u00bb.vc_custom_1608033221485{padding-top: 80px !important;padding-bottom: 80px !important;}\u00a0\u00bb][vc_row][vc_column][vc_custom_heading text=\u00a0\u00bbCAPACIT\u00c9S EN VEDETTE\u00a0\u00bb use_theme_fonts=\u00a0\u00bbyes\u00a0\u00bb css_animation=\u00a0\u00bbfadeInUp\u00a0\u00bb][vc_column_text css=\u00a0\u00bb.vc_custom_1626495843444{margin-bottom: 0px !important;}\u00a0\u00bb]<\/p>\n<p class=\"lead wow fadeInUp\">Nous avons d\u00e9velopp\u00e9 et test\u00e9 un large \u00e9ventail d&rsquo;outils et de solutions pour mieux servir nos clients, notamment:<\/p>\n<ul class=\"wow fadeIn\">\n<li>Outil de planification et d&rsquo;analyse financi\u00e8re, un mod\u00e8le financier d\u00e9taill\u00e9 qui calcule la rentabilit\u00e9 et le potentiel de cr\u00e9ation de valeur d&rsquo;un projet immobilier, ainsi que les besoins de tr\u00e9sorerie.<\/li>\n<li>Outil de diagnostic organisationnel immobilier, un outil de diagnostic d&rsquo;auto-\u00e9valuation qualitative utilis\u00e9 pour \u00e9valuer les capacit\u00e9s immobili\u00e8res de base par rapport aux meilleures pratiques de l&rsquo;industrie.<\/li>\n<li>L\u2019outil visite virtuelle 360\u00b0, un outil qui permet aux clients de l&rsquo;immobilier d&rsquo;entreprise de restructurer leurs portefeuilles immobiliers pour optimiser l&rsquo;occupation et g\u00e9rer les co\u00fbts.<\/li>\n<li>Nous nous consid\u00e9rons en mesure de vous fournir une \u00e9valuation technique approfondie de votre projet et une estimation pr\u00e9cise de la valeur finale de votre propri\u00e9t\u00e9. Des informations claires sont la meilleure base pour un projet r\u00e9ussi.<\/li>\n<li>Nous investissons toute notre \u00e9nergie dans la r\u00e9ussite du projet concern\u00e9. Nous le suivons de la phase de conception jusqu\u2019\u00e0 la phase de livraison. Nous cr\u00e9ons des budgets, qui sont pr\u00e9cis jusqu&rsquo;au dernier centime ; nous offrons un processus de gestion de site rigoureux, et nous nous assurons que votre projet arrive dans les d\u00e9lais et le budget.<\/li>\n<li>Nous sommes chef d&rsquo;\u00e9quipe, nous s\u00e9lectionnons les meilleurs partenaires et veillons \u00e0 ce que vous obteniez la meilleure offre. Nous donnons des conseils sur toutes les d\u00e9cisions strat\u00e9giques tout au long du processus.<\/li>\n<li>Nous utilisons le BIM (Building Information Modeling), qui nous permettra de g\u00e9rer votre projet de mani\u00e8re ultra-efficace. Le mod\u00e8le s&rsquo;int\u00e8gre dans son int\u00e9gralit\u00e9 sans erreur ni retard, ce qui signifie construire avec efficacit\u00e9 et vision.<\/li>\n<li>Nous sommes bien connect\u00e9s; grand r\u00e9seau de partenaires pour attraper les meilleures offres. Nous offrons des opportunit\u00e9s uniques, avec un excellent potentiel et un retour sur investissement \u00e9lev\u00e9. Nos comp\u00e9tences et notre connaissance du march\u00e9 nous permettent d&rsquo;analyser chaque opportunit\u00e9 avec pr\u00e9cision et rapidit\u00e9.<\/li>\n<\/ul>\n<p>[\/vc_column_text][\/vc_column][\/vc_row][\/vc_section]<\/p>","protected":false},"excerpt":{"rendered":"<p>[vc_section][vc_row][vc_column width=\u00a0\u00bb7\/12&Prime;][vc_column_text]SAFAJU fournit des services de d\u00e9veloppement de projets \u00e0 grande \u00e9chelle aux clients et partenaires, en coordonnant le financement, la planification, la conception et la construction de projets immobiliers \u00e0 grande et \u00e0 petite \u00e9chelle. Nous nous concentrons sur les types de projets qui posent des d\u00e9fis uniques en raison de leur taille, de&#8230;<a href=\"https:\/\/safajuswiss.com\/fr\/safaju-real-estate-development-services\/\" class=\"epl-more-link\">En savoir plus&rarr;<\/a><\/p>\n","protected":false},"author":1,"featured_media":0,"parent":0,"menu_order":0,"comment_status":"closed","ping_status":"closed","template":"","meta":[],"_links":{"self":[{"href":"https:\/\/safajuswiss.com\/fr\/wp-json\/wp\/v2\/pages\/10"}],"collection":[{"href":"https:\/\/safajuswiss.com\/fr\/wp-json\/wp\/v2\/pages"}],"about":[{"href":"https:\/\/safajuswiss.com\/fr\/wp-json\/wp\/v2\/types\/page"}],"author":[{"embeddable":true,"href":"https:\/\/safajuswiss.com\/fr\/wp-json\/wp\/v2\/users\/1"}],"replies":[{"embeddable":true,"href":"https:\/\/safajuswiss.com\/fr\/wp-json\/wp\/v2\/comments?post=10"}],"version-history":[{"count":59,"href":"https:\/\/safajuswiss.com\/fr\/wp-json\/wp\/v2\/pages\/10\/revisions"}],"predecessor-version":[{"id":395,"href":"https:\/\/safajuswiss.com\/fr\/wp-json\/wp\/v2\/pages\/10\/revisions\/395"}],"wp:attachment":[{"href":"https:\/\/safajuswiss.com\/fr\/wp-json\/wp\/v2\/media?parent=10"}],"curies":[{"name":"wp","href":"https:\/\/api.w.org\/{rel}","templated":true}]}}