{"id":31,"date":"2020-12-14T09:08:50","date_gmt":"2020-12-14T09:08:50","guid":{"rendered":"https:\/\/safajuswiss.com\/?page_id=31"},"modified":"2021-08-20T08:17:41","modified_gmt":"2021-08-20T08:17:41","slug":"pay-online","status":"publish","type":"page","link":"https:\/\/safajuswiss.com\/fr\/pay-online\/","title":{"rendered":"Paiement En Ligne"},"content":{"rendered":"<p><\/p>\n<p>[vc_section][vc_row][vc_column width=\u00a0\u00bb1\/4&Prime;][\/vc_column][vc_column width=\u00a0\u00bb1\/2&Prime;][vc_column_text]        <div class=\"wpf_form_wrapper wpf_form_wrapper_142\">\n                                        <style type=\"text\/css\">\n                    @media (min-width: 767px) {\n.wpf_form_wrapper_142 .wpf_form_group.left,\n.wpf_form_wrapper_142 .wpf_form_group.right{\n    width:49% !important;\n}\n.wpf_form_wrapper_142 .wpf_form_group.left{\n    margin-right:0.5%;\n}\n}\n\n@media (min-width: 991px) {\n.wpf_form_wrapper_142 .wpf_form_group.left{\n    margin-right:1%;\n}\n}                <\/style>\n                    <form  data-wpf_form_id='142' class='wpf_form wpf_strip_default_style wpf_form_id_142 wpf_label_top wpf_asterisk_none wpf_submit_button_pos_left wpf_default_form_styles' method='POST' action='https:\/\/safajuswiss.com' id='wpf_form_id_142' >\n        <input type=\"hidden\" name=\"__wpf_form_id\" value=\"142\"\/>\n        <input type=\"hidden\" name=\"__wpf_current_url\" value=\"https:\/\/safajuswiss.com\/fr\/wp-json\/wp\/v2\/pages\/31\">\n        <input type=\"hidden\" name=\"__wpf_current_page_id\" value=\"31\">\n                        <div data-element_type=\"customer_name\"\n             class=\"wpf_form_group wpf_item_text left\">\n                        <div class=\"wpf_input_label\">\n                <label  for='wpf_input_142_customer_name' >Pr\u00e9nom:<\/label>\n            <\/div>\n                    <div class=\"wpf_input_content\">\n                <input  data-required='yes' data-type='input' name='customer_name' placeholder='Entrer le pr\u00e9nom' value='' type='text' class='wpf_form_control form-control' id='wpf_input_142_customer_name' required='1'  \/>\n            <\/div>\n        <\/div>\n                <div data-element_type=\"customer_name\"\n             class=\"wpf_form_group wpf_item_text right\">\n                        <div class=\"wpf_input_label\">\n                <label  for='wpf_input_142_customer_name_1' >Nom:<\/label>\n            <\/div>\n                    <div class=\"wpf_input_content\">\n                <input  data-required='yes' data-type='input' name='customer_name_1' placeholder='Entrer le nom' value='' type='text' class='wpf_form_control' id='wpf_input_142_customer_name_1' required='1'  \/>\n            <\/div>\n        <\/div>\n                <div data-element_type=\"text\"\n             class=\"wpf_form_group wpf_item_text\">\n                        <div class=\"wpf_input_label\">\n                <label  for='wpf_input_142_text' >Num\u00e9ro de t\u00e9l\u00e9phone:<\/label>\n            <\/div>\n                    <div class=\"wpf_input_content\">\n                <input  data-required='no' data-type='input' name='text' placeholder='Entrer le Num\u00e9ro de t\u00e9l\u00e9phone' value='' type='text' class='wpf_form_control form-control' id='wpf_input_142_text'  \/>\n            <\/div>\n        <\/div>\n                <div data-element_type=\"customer_email\"\n             class=\"wpf_form_group wpf_item_email\">\n                        <div class=\"wpf_input_label\">\n                <label  for='wpf_input_142_customer_email' >Votre adresse email:<\/label>\n            <\/div>\n                    <div class=\"wpf_input_content\">\n                <input  data-required='yes' data-type='input' name='customer_email' placeholder='Entrer l\u2019adresse email' value='' type='email' class='wpf_form_control wpf_customer_email' id='wpf_input_142_customer_email' required='1'  \/>\n            <\/div>\n        <\/div>\n                <div  data-element_type='payment_item' data-required_element='radio' data-required='yes' data-target_element='payment_item' class='wpf_form_group wpf_item_payment_item remove_price' >\n                        <div class=\"wpf_input_label\">\n                <label  for='wpf_payment_item' >Je souhaite acheter les services suivants aupr\u00e8s de SAFAJU<\/label>\n            <\/div>\n                                    <div class=\"wpf_multi_form_controls wpf_input_content wpf_multi_form_controls_radio\">\n                                                                    <div class=\"form-check\">\n                            <input  class='form-check-input wpf_payment_item' type='radio' data-price='10000' name='payment_item' id='payment_item_0_142' value='0' >\n                            <label class=\"form-check-label\" for=\"payment_item_0_142\">\n                                <span class=\"wpf_price_option_name\"\n                                      itemprop=\"description\">Louer mon bien immobilier<\/span>\n                                <span class=\"wpf_price_option_sep\">&nbsp;\u2013&nbsp;<\/span>\n                                <span\n                                    class=\"wpf_price_option_price\">&#67;&#72;&#70;100<\/span>\n                                <meta itemprop=\"price\" content=\"100\">\n                            <\/label>\n                        <\/div>\n                                                                    <div class=\"form-check\">\n                            <input  class='form-check-input wpf_payment_item' type='radio' data-price='10000' name='payment_item' id='payment_item_1_142' value='1' >\n                            <label class=\"form-check-label\" for=\"payment_item_1_142\">\n                                <span class=\"wpf_price_option_name\"\n                                      itemprop=\"description\">Vendre mon bien immobilier<\/span>\n                                <span class=\"wpf_price_option_sep\">&nbsp;\u2013&nbsp;<\/span>\n                                <span\n                                    class=\"wpf_price_option_price\">&#67;&#72;&#70;100<\/span>\n                                <meta itemprop=\"price\" content=\"100\">\n                            <\/label>\n                        <\/div>\n                                    <\/div>\n                    <\/div>\n                <div class=\"wpf_html_content_wrapper mb-3\">\n            <p>Mandat de vente\/location-Veuillez demander un formulaire de mandat par e-mail : info@safajuswiss.ch<\/p>\n<p>Autres services tels que discut\u00e9s avec votre repr\u00e9sentant SAFAJU<\/p>        <\/div>\n        <div style=\"display:none !important; visibility: hidden !important;\"  data-checkout_style='stripe_checkout' data-wpf_payment_method='stripe' class='wpf_stripe_card_element' data-verify_zip='yes' data-require_billing_info='no' data-require_shipping_info='no'  class=\"wpf_stripe_checkout\"><\/div>        <div data-element_type=\"textarea\"\n             class=\"wpf_form_group wpf_item_textarea\">\n                        <div class=\"wpf_input_label\">\n                <label  for='wpf_input_142_textarea' >Commentaires<\/label>\n            <\/div>\n                    <div class=\"wpf_input_content\">\n                <textarea  data-required='no' data-type='textarea' name='textarea' placeholder='' class='wpf_form_control' id='wpf_input_142_textarea' >Entrer les commentaires<\/textarea>\n            <\/div>\n        <\/div>\n                \n        \n        <div class=\"wpf_form_group wpf_form_submissions\">\n            <button  id='stripe_form_submit_142' class='wpf_submit_button  wpf_full_block_btn' >\n                <span class=\"wpf_txt_normal\">Payer <span class=\"wpf_calc_payment_total\"><\/span><\/span>\n                <span style=\"display: none;\" class=\"wpf_txt_loading\">\n                    Please Wait\u2026                <\/span>\n            <\/button>\n            <div class=\"wpf_loading_svg\">\n                <svg version=\"1.1\" id=\"loader-1\" xmlns=\"http:\/\/www.w3.org\/2000\/svg\" xmlns:xlink=\"http:\/\/www.w3.org\/1999\/xlink\" x=\"0px\" y=\"0px\" width=\"30px\" height=\"30px\" viewBox=\"0 0 40 40\" enable-background=\"new 0 0 40 40\" xml:space=\"preserve\"><path opacity=\"0.2\" fill=\"#000\" d=\"M20.201,5.169c-8.254,0-14.946,6.692-14.946,14.946c0,8.255,6.692,14.946,14.946,14.946 s14.946-6.691,14.946-14.946C35.146,11.861,28.455,5.169,20.201,5.169z M20.201,31.749c-6.425,0-11.634-5.208-11.634-11.634 c0-6.425,5.209-11.634,11.634-11.634c6.425,0,11.633,5.209,11.633,11.634C31.834,26.541,26.626,31.749,20.201,31.749z\"\/><path fill=\"#000\" d=\"M26.013,10.047l1.654-2.866c-2.198-1.272-4.743-2.012-7.466-2.012h0v3.312h0 C22.32,8.481,24.301,9.057,26.013,10.047z\"><animateTransform attributeType=\"xml\" attributeName=\"transform\" type=\"rotate\" from=\"0 20 20\" to=\"360 20 20\" dur=\"0.5s\" repeatCount=\"indefinite\"\/><\/path><\/svg>\n            <\/div>\n        <\/div>\n                <\/form>\n        <div style=\"display: none\" class=\"wpf_form_notices\"><\/div>\n                        <\/div>\n\n        [\/vc_column_text][vc_column_text]Once you have selected and paid for the rent or sell option, we will email you a link to form whereby you can upload all your property details.[\/vc_column_text][\/vc_column][vc_column width=\u00a0\u00bb1\/4&Prime;][\/vc_column][\/vc_row][\/vc_section]<\/p>\n<p><\/p>","protected":false},"excerpt":{"rendered":"<p>[vc_section][vc_row][vc_column width=\u00a0\u00bb1\/4&Prime;][\/vc_column][vc_column width=\u00a0\u00bb1\/2&Prime;][vc_column_text][\/vc_column_text][vc_column_text]Once you have selected and paid for the rent or sell option, we will email you a link to form whereby you can upload all your property details.[\/vc_column_text][\/vc_column][vc_column width=\u00a0\u00bb1\/4&Prime;][\/vc_column][\/vc_row][\/vc_section]<\/p>\n","protected":false},"author":1,"featured_media":0,"parent":0,"menu_order":0,"comment_status":"closed","ping_status":"closed","template":"","meta":[],"_links":{"self":[{"href":"https:\/\/safajuswiss.com\/fr\/wp-json\/wp\/v2\/pages\/31"}],"collection":[{"href":"https:\/\/safajuswiss.com\/fr\/wp-json\/wp\/v2\/pages"}],"about":[{"href":"https:\/\/safajuswiss.com\/fr\/wp-json\/wp\/v2\/types\/page"}],"author":[{"embeddable":true,"href":"https:\/\/safajuswiss.com\/fr\/wp-json\/wp\/v2\/users\/1"}],"replies":[{"embeddable":true,"href":"https:\/\/safajuswiss.com\/fr\/wp-json\/wp\/v2\/comments?post=31"}],"version-history":[{"count":9,"href":"https:\/\/safajuswiss.com\/fr\/wp-json\/wp\/v2\/pages\/31\/revisions"}],"predecessor-version":[{"id":693,"href":"https:\/\/safajuswiss.com\/fr\/wp-json\/wp\/v2\/pages\/31\/revisions\/693"}],"wp:attachment":[{"href":"https:\/\/safajuswiss.com\/fr\/wp-json\/wp\/v2\/media?parent=31"}],"curies":[{"name":"wp","href":"https:\/\/api.w.org\/{rel}","templated":true}]}}