{"id":5,"date":"2020-12-14T09:04:35","date_gmt":"2020-12-14T09:04:35","guid":{"rendered":"https:\/\/safajuswiss.com\/?page_id=5"},"modified":"2021-08-12T19:05:44","modified_gmt":"2021-08-12T19:05:44","slug":"home","status":"publish","type":"page","link":"https:\/\/safajuswiss.com\/fr\/","title":{"rendered":"Home"},"content":{"rendered":"<p><\/p>\n<p>[vc_section full_width=\u00a0\u00bbstretch_row\u00a0\u00bb el_id=\u00a0\u00bbAbout\u00a0\u00bb el_class=\u00a0\u00bbabout-front\u00a0\u00bb][vc_row equal_height=\u00a0\u00bbyes\u00a0\u00bb content_placement=\u00a0\u00bbmiddle\u00a0\u00bb][vc_column width=\u00a0\u00bb5\/12&Prime; offset=\u00a0\u00bbvc_col-lg-offset-0&Prime;]<div class=\"info-box\">\r\n\t\t\t\t\t  <div class=\"info-box__inner\"><img class=\"img--bg\" src=\"https:\/\/safajuswiss.com\/wp-content\/uploads\/2020\/12\/about-us.jpg\" alt=\"img\"\/>\r\n\t\t\t\t\t\t<div class=\"block-front\">\r\n\t\t\t\t\t\t  <div class=\"heading heading--primary wow fadeInUp\" data-wow-delay=\"0.3s\">\r\n\t\t\t\t\t\t\t<h2 class=\"heading__title\"><span>NOTRE VISION<\/span> <\/h2>\r\n\t\t\t\t\t\t  <\/div>\r\n\t\t\t\t\t\t  <p class=\" wow fadeInUp\" data-wow-delay=\"0.5s\">Atteindre les normes les plus \u00e9lev\u00e9es possibles dans les industries connexes tout en implantant SAFAJU SWISS dans n'importe quel secteur de march\u00e9.<\/p>\r\n\t\t\t\t\t\t<\/div>\r\n\t\t\t\t\t  <\/div>\r\n\t\t\t\t\t<\/div>[\/vc_column][vc_column width=\u00a0\u00bb1\/12&Prime; offset=\u00a0\u00bbvc_col-lg-offset-0&Prime;][\/vc_column][vc_column width=\u00a0\u00bb1\/2&Prime;][vc_column_text el_class=\u00a0\u00bbabout_front_right\u00a0\u00bb]<\/p>\n<h1>NOTRE MISSION<\/h1>\n<p>SAFAJU SWISS se compose d&rsquo;une \u00e9quipe de professionnels exp\u00e9riment\u00e9s occupant des postes cl\u00e9s, et continue d&rsquo;acqu\u00e9rir et de d\u00e9velopper des propri\u00e9t\u00e9s de qualit\u00e9 bas\u00e9es sur des valeurs r\u00e9alistes pour ses propres filiales d&rsquo;investissement et ses partenaires de coentreprise. Nos activit\u00e9s se concentreront sur des transactions moins nombreuses, g\u00e9n\u00e9ralement plus importantes et plus complexes, qui tirent parti d&rsquo;opportunit\u00e9s uniques. Une fois les propri\u00e9t\u00e9s acquises ou d\u00e9velopp\u00e9es, la soci\u00e9t\u00e9 fournira tous les services compl\u00e9mentaires, les comp\u00e9tences et les syst\u00e8mes n\u00e9cessaires pour maintenir chaque propri\u00e9t\u00e9 aux normes de qualit\u00e9 les plus \u00e9lev\u00e9es, afin d\u2019atteindre les plus grandes efficacit\u00e9s d&rsquo;exploitation et r\u00e9aliser les plus hauts profits.[\/vc_column_text][\/vc_column][\/vc_row][\/vc_section][vc_section full_width=\u00a0\u00bbstretch_row_content\u00a0\u00bb el_class=\u00a0\u00bbno-padding\u00a0\u00bb][vc_row full_width=\u00a0\u00bbstretch_row_content_no_spaces\u00a0\u00bb equal_height=\u00a0\u00bbyes\u00a0\u00bb content_placement=\u00a0\u00bbmiddle\u00a0\u00bb][vc_column width=\u00a0\u00bb1\/2&Prime;]<div class=\"corporate-standards-img wow fadeIn parallax\" style=\"background-image:url(https:\/\/safajuswiss.com\/wp-content\/uploads\/2020\/12\/about-img.jpg);\">\r\n\t\t\t\t\t<div class=\"corporate-standards-title\">\r\n\t\t\t\t\t  <h2 class=\"wow fadeIn\" data-wow-delay=\"0.5s\">SAFAJU Services immobilierset de d\u00e9veloppement<\/h2>\r\n\t\t\t\t\t<\/div>\r\n\t\t\t\t  <\/div>[\/vc_column][vc_column width=\u00a0\u00bb1\/2&Prime;]<div class=\"corporate-standards-text text-center wow fadeIn\">\r\n\t\t\t\t\t\t<div class=\"img-border-small-fix border-gray\"><\/div>\r\n\t\t\t\t\t\t<h3>Une \u00e9quipe de confiance pour fournir les services que vous m\u00e9ritez<\/h3>\r\n\t\t\t\t\t\tSAFAJU fournit des services de d\u00e9veloppement de projets \u00e0 grande \u00e9chelle aux clients et partenaires, en coordonnant le financement, la planification, la conception et la construction de projets immobiliers \u00e0 grande et \u00e0 petite \u00e9chelle. Nous nous concentrons sur les types de projets qui posent des d\u00e9fis uniques en raison de leur taille, de leur complexit\u00e9 et de leurs utilisations sp\u00e9cialis\u00e9es. Elle dispose d'un large r\u00e9seau de partenaires qui compl\u00e8tent nos comp\u00e9tences dans tous les domaines li\u00e9s \u00e0 l'immobilier. Nous avons s\u00e9lectionn\u00e9 et test\u00e9 chacun avec soin. Nous ne travaillons qu'avec les meilleurs.<\/p>\n<p>SAFAJU Services immobiliers et de d\u00e9veloppement est l'une des soci\u00e9t\u00e9s de services de construction les plus anciennes et les plus importantes au monde, avec des bureaux \/ filiales dans de nombreux pays et un volume annuel \u00e9lev\u00e9. L'\u00e9quipe de SAFAJU est pr\u00e9sente dans l'industrie depuis plus de trente ans, avec ses filiales immobili\u00e8res, construction, architecture et ing\u00e9nierie ayant des sp\u00e9cialit\u00e9s dans pratiquement tous les secteurs de l'immobilier b\u00e2ti.\r\n\t\t\t\t\t<\/div>[\/vc_column][\/vc_row][\/vc_section][vc_section full_width=\u00a0\u00bbstretch_row\u00a0\u00bb el_class=\u00a0\u00bbbg_dots\u00a0\u00bb css=\u00a0\u00bb.vc_custom_1628678578697{padding-top: 80px !important;padding-bottom: 80px !important;background-image: url(https:\/\/safajuswiss.com\/wp-content\/uploads\/2020\/12\/banner-particles.png?id=86) !important;background-position: 0 0 !important;background-repeat: repeat !important;}\u00a0\u00bb][vc_row][vc_column]<div class=\"detail-sec\"><div class=\"heading-block\">\r\n\t\t\t\t\t  <h2 class=\"wow fadeInUp\">Qui sommes-nous?<\/h2>\r\n\t\t\t\t\t<\/div><\/div>[vc_column_text]SAFAJU est une soci\u00e9t\u00e9 de propri\u00e9t\u00e9 exclusive suisse bas\u00e9e en Suisse, avec diverses op\u00e9rations dans diff\u00e9rents pays, et exploite des activit\u00e9s d&rsquo;ing\u00e9nierie, de conception, de construction et de d\u00e9veloppement dans de nombreux pays par le biais de ses soci\u00e9t\u00e9s op\u00e9rationnelles et partenaires.[\/vc_column_text]<div class=\"detail-sec\"><div class=\"heading-block\">\r\n\t\t\t\t\t  <h2 class=\"wow fadeInUp\">SERVICE D'INGENIERIE ET DE CONSTRUCTION<\/h2>\r\n\t\t\t\t\t<\/div><\/div>[vc_column_text]SAFAJU fournit au client un soutien ad\u00e9quat de la phase de planification du projet jusqu&rsquo;\u00e0 la construction des installations et les \u00e9tapes d&rsquo;exploitation en tirant le meilleur parti d&rsquo;une technologie largement r\u00e9pandue dans les domaines de l&rsquo;ing\u00e9nierie des proc\u00e9d\u00e9s, de la manutention, des syst\u00e8mes d&rsquo;information, de l&rsquo;ing\u00e9nierie industrielle, du traitement de l&rsquo;eau. Au moment o\u00f9 les probl\u00e8mes auxquels nos clients sont confront\u00e9s deviennent de plus en plus complexes et difficiles, il est primordial de cr\u00e9er une nouvelle valeur gr\u00e2ce \u00e0 l&rsquo;int\u00e9gration d&rsquo;un large \u00e9ventail de technologies et d&rsquo;expertises.[\/vc_column_text][\/vc_column][\/vc_row][\/vc_section]<\/p>\n<p><\/p>","protected":false},"excerpt":{"rendered":"<p>[vc_section full_width=\u00a0\u00bbstretch_row\u00a0\u00bb el_id=\u00a0\u00bbAbout\u00a0\u00bb el_class=\u00a0\u00bbabout-front\u00a0\u00bb][vc_row equal_height=\u00a0\u00bbyes\u00a0\u00bb content_placement=\u00a0\u00bbmiddle\u00a0\u00bb][vc_column width=\u00a0\u00bb5\/12&Prime; offset=\u00a0\u00bbvc_col-lg-offset-0&Prime;][\/vc_column][vc_column width=\u00a0\u00bb1\/12&Prime; offset=\u00a0\u00bbvc_col-lg-offset-0&Prime;][\/vc_column][vc_column width=\u00a0\u00bb1\/2&Prime;][vc_column_text el_class=\u00a0\u00bbabout_front_right\u00a0\u00bb] NOTRE MISSION SAFAJU SWISS se compose d&rsquo;une \u00e9quipe de professionnels exp\u00e9riment\u00e9s occupant des postes cl\u00e9s, et continue d&rsquo;acqu\u00e9rir et de d\u00e9velopper des propri\u00e9t\u00e9s de qualit\u00e9 bas\u00e9es sur des valeurs r\u00e9alistes pour ses propres filiales d&rsquo;investissement et ses partenaires de coentreprise. Nos activit\u00e9s se&#8230;<a href=\"https:\/\/safajuswiss.com\/fr\/\" class=\"epl-more-link\">En savoir plus&rarr;<\/a><\/p>\n","protected":false},"author":1,"featured_media":0,"parent":0,"menu_order":0,"comment_status":"closed","ping_status":"closed","template":"page-home.php","meta":[],"_links":{"self":[{"href":"https:\/\/safajuswiss.com\/fr\/wp-json\/wp\/v2\/pages\/5"}],"collection":[{"href":"https:\/\/safajuswiss.com\/fr\/wp-json\/wp\/v2\/pages"}],"about":[{"href":"https:\/\/safajuswiss.com\/fr\/wp-json\/wp\/v2\/types\/page"}],"author":[{"embeddable":true,"href":"https:\/\/safajuswiss.com\/fr\/wp-json\/wp\/v2\/users\/1"}],"replies":[{"embeddable":true,"href":"https:\/\/safajuswiss.com\/fr\/wp-json\/wp\/v2\/comments?post=5"}],"version-history":[{"count":45,"href":"https:\/\/safajuswiss.com\/fr\/wp-json\/wp\/v2\/pages\/5\/revisions"}],"predecessor-version":[{"id":428,"href":"https:\/\/safajuswiss.com\/fr\/wp-json\/wp\/v2\/pages\/5\/revisions\/428"}],"wp:attachment":[{"href":"https:\/\/safajuswiss.com\/fr\/wp-json\/wp\/v2\/media?parent=5"}],"curies":[{"name":"wp","href":"https:\/\/api.w.org\/{rel}","templated":true}]}}